{"id":16568,"date":"2026-03-06T20:17:29","date_gmt":"2026-03-06T20:17:29","guid":{"rendered":"https:\/\/uamt.ro\/?page_id=16568"},"modified":"2026-03-06T20:18:34","modified_gmt":"2026-03-06T20:18:34","slug":"responsabilitatea-sociala-a-companiei-csr","status":"publish","type":"page","link":"https:\/\/uamt.ro\/?page_id=16568","title":{"rendered":"Responsabilitatea Social\u0103 a Companiei (CSR)"},"content":{"rendered":"\t\t<div data-elementor-type=\"wp-page\" data-elementor-id=\"16568\" class=\"elementor elementor-16568\" data-elementor-post-type=\"page\">\n\t\t\t\t<div class=\"elementor-element elementor-element-5bea04d e-flex e-con-boxed e-con e-parent \" data-id=\"5bea04d\" data-element_type=\"container\" data-e-type=\"container\">\t\t\t<div class=\"e-con-inner\">\r\n\t\t\t\t<div class=\"elementor-element elementor-element-fc72ddc elementor-widget elementor-widget-text-editor\" data-id=\"fc72ddc\" data-element_type=\"widget\" data-e-type=\"widget\" data-widget_type=\"text-editor.default\">\n\t\t\t\t\t\t\t\t\t<h2>Politica de CSR a SC UAMT SA, din punct de vedere al protec\u0163iei mediului<\/h2><p>Politica de CSR a SC UAMT SA, din punct de vedere al protec\u0163iei mediului, urm\u0103re\u015fte obiectivele<br \/>stabilite \u015fi anume s\u0103 reduc\u0103 impactul negativ al activit\u0103\u0163ii companiei asupra mediului \u015fi conservarea resurselor naturale.<\/p><h3>Reducerea impactului negativ al activit\u0103\u0163ii asupra mediului<\/h3><p>P\u00e2n\u0103 acum, SC UAMT SA a \u00eendeplinit aceste obiective, lucru datorat faptului c\u0103, \u00eencep\u00e2nd cu anul 2000 \u015fi p\u00e2n\u0103 \u00een prezent, la nivelul \u00eentregii platforme SC UAMT SA s-au facut investi\u0163ii pentru reducerea impactului activit\u0103\u021bii asupra mediului, \u00eenlocuirea unor substan\u021be \u015fi preparate chimice periculoase cu altele, mai pu\u0163in periculoase sau nepericuloase pentru mediu \u015fi s\u0103n\u0103tate, tratarea apelor uzate, gestionarea selectiv\u0103 a de\u015feurilor \u015fi monitorizarea adecvat\u0103 a acestora, \u00eencep\u00e2nd cu faza de generare \u015fi p\u00e2n\u0103 la valorificarea \/ reciclarea \/eliminarea la agen\u0163i economici autoriza\u0163i, conservarea resurselor naturale. \u00cen plus, au avut loc moderniz\u0103ri succesive ale instala\u0163iilor de fabrica\u0163ie \u015fi introducerea de tehnologii verzi .<\/p><h3>Conservarea resurselor naturale<\/h3><p>Referitor la conservarea resurselor, au fost luate m\u0103suri pentru reducerea consumului de materii prime \u015fi a gener\u0103rii de de\u015feuri periculoase. Minimizarea consumului de materie prim\u0103 s-a realizat \u0219i prin (semi)- automatizarea unor linii de produc\u021bie<\/p><p>Referitor la reducerea consumului de energie electric\u0103 , ca o alternativ\u0103 de furnizare a energiei, SC UAMT SA a ales utilizarea de combustibili mai putin poluan\u021bi, respectiv utilizarea GPL \u2013ului, iar din anul 2005 s-a optat pentru utilizarea gazului metan, \u00een scopul reducerii emisiilor de poluan\u021bi \u00een atmosfer\u0103 (Pulberi, CO, CO2, SO2) .<\/p><p>\u00cen ultimii ani, SC UAMT SA a investit \u00een utilaje moderne \u0219i performante, precum \u0219i \u00een tehnologii verzi, acest lucru duc\u00e2nd la m\u0103rirea productivit\u0103\u021bii \u0219i la sc\u0103derea consumului energetic . Astfel , \u00een cadrul proiectului \u201cMODERNIZAREA SC UAMT SA ORADEA PRIN DOTAREA CU ECHIPAMENTE \u0218I INSTALA\u021aII \u00ceNALT TEHNOLOGIZATE\u201d , unitatea a achizi\u021bionat o serie de prese mecanice , robo\u021bi de sudur\u0103 , \u00een cadrul Atelierului Presaj, diferite ma\u0219ini de injectat, un sistem centralizat de condi\u021bionare \u0219i alimentare automatizat\u0103 cu materiale plastice a ma\u0219inilor de injectat, un sistem de r\u0103cire cu circuit \u00eenchis a ma\u0219inilor de injectat , precum \u0219i o instala\u021bie de vopsire prin cataforez\u0103, \u00een cadrul Atelierului Acoperiri de protec\u021bie .<\/p><p>\u00cen ultimii trei ani consumul de energie electric\u0103 a sc\u0103zut cu 17,6%.<\/p><p><strong>Urm\u00e2nd liniile directoare trasate de Grupul Renault privind reducerea impactului negativ asupra mediului\u00a0<\/strong>de-a lungul ciclului de via\u021b\u0103 al produselor \u0219i conservarea resurselor naturale, SC UAMT SA \u00een calitatea sa de furnizor al Renault- Dacia, realizeaz\u0103 produse ce pot fi valorificate prin reciclare \u00een propor\u021bie de 95% la sf\u00e2r\u0219itul ciclului de via\u021b\u0103, iar cel putin 7% din plasticul care intr\u0103 \u00een componen\u021ba lor provine din plastic reciclat.<\/p><p><strong>Politica de CSR a SC UAMT SA\u00a0<\/strong>, din punct de vedere al protec\u021biei mediului respect\u0103 reducerea impactului activit\u0103\u021bilor companiei asupra mediului \u00eenconjur\u0103tor \u0219i conservarea resurselor naturale, precum \u0219i cerin\u021bele legale impuse prin autoriza\u021bia de mediu. \u00cen acela\u0219i timp sunt respectate principiile strategiei de dezvoltare durabil\u0103 RENAULT referitoare la respectarea imperativelor de mediu pe toat\u0103 durata de via\u021b\u0103 a vehiculului, din faza de concep\u021bie \u0219i p\u00e2n\u0103 la finalul etapei de utilizare.<\/p><h2>Politica de CSR a SC UAMT SA, din punct de vedere al calit\u0103\u021bii<\/h2><h3>Declararea CALIT\u0102\u021aII ca principiu de baz\u0103 al tuturor activit\u0103\u021bilor companiei<\/h3><ul><li><strong>Livrare irepro\u0219abil\u0103\u00a0<\/strong>&#8211; Peste 50 de ani de activitate ne-au \u00eenv\u0103\u021bat c\u0103 livrarea irepro\u0219abil\u0103 a produselor comandate reprezint\u0103 cheia din spatele eficien\u021bei \u00een procesul de lucru \u0219i aspectul care deschide u\u0219a \u00eencrederii \u0219i a leg\u0103turilor solide.<\/li><li><strong>Punctualitate\u00a0<\/strong>\u2013 P\u0103stram la cel mai \u00eenalt nivel rela\u021biile puternice \u0219i durabile, investind constant \u00een ele.<\/li><li><strong>Rela\u021bii de durat\u0103\u00a0<\/strong>\u2013 \u0218tim c\u0103 \u00eencrederea este pilonul de rezistent\u0103 pentru orice fel de structur\u0103. \u00cen cadrul companiei UAMT SA \u00eenvestim tot ce e mai bun \u00een rela\u021biile profesionale pe termen lung. Avem siguran\u021ba c\u0103 numai leg\u0103turile solide, construite pe \u00eencredere reciproc\u0103 se pot \u00een\u0103l\u021ba spre succes.<\/li><\/ul><h2>UAMT:\u00a0Angajator responsabil care ini\u021biaz\u0103 \u0219i desf\u0103soar\u0103 un DIALOG SUSTINUT CU ANGAJA\u021aII<\/h2><ul><li><strong>Implicare activ\u0103\u00a0<\/strong>&#8211; to\u021bi angaja\u021bii UAMT SA cunosc politicile companiei, sunt instrui\u021bi, motiva\u021bi \u0219i con\u0219tientizeaz\u0103 importan\u021ba cre\u0103rii unei culturi organiza\u021bionale de implicare activ\u0103 \u00een realizarea tuturor angajamentelor asumate.<\/li><li><strong>Posibilitatea angaja\u021bilor de a se dezvolta\u00a0<\/strong>&#8211; SC UAMT SA \u0219i-a propus sa sprijine cu ajutorul tehnologiilor pe care le dezvolt\u0103, schimb\u0103rile care au loc \u00een societate, oferind angaja\u021bilor posibilitatea de a cre\u0219te, de a se dezvolta<\/li><li><strong>Protejarea s\u0103n\u0103t\u0103\u021bii \u0219i securita\u021bii angaja\u021bilor\u00a0<\/strong>&#8211; angajatorul \u00eembun\u0103t\u0103\u021be\u0219te \u00een mod constant nivelul de securitate al angaja\u021bilor, astfel \u00eenc\u00e2t num\u0103rul de incidente s\u0103 fie zero<\/li><li><strong>Identificarea preventiv\u0103 \u0219i controlul pericolelor\u00a0<\/strong>&#8211; compania pune accent pe s\u0103n\u0103tatea \u0219i securitatea ocupa\u021bional\u0103 a angaja\u021bilor \u0219i a par\u021bilor interesate, precum \u0219i prevenirea \u0219i limitarea daunelor \u00een situa\u021bii de urgen\u021b\u0103.<\/li><\/ul>\t\t\t\t\t\t\t\t<\/div>\n\t\t\t\t\t<\/div>\r\n\t\t\t\t<\/div>\r\n\t\t\t\t<\/div>\n\t\t","protected":false},"excerpt":{"rendered":"<p>Politica de CSR a SC UAMT SA, din punct de vedere al protec\u0163iei mediului Politica de CSR a SC UAMT SA, din punct de vedere al protec\u0163iei mediului, urm\u0103re\u015fte obiectivelestabilite \u015fi anume s\u0103 reduc\u0103 impactul negativ al activit\u0103\u0163ii companiei asupra mediului \u015fi conservarea resurselor naturale. Reducerea impactului negativ al activit\u0103\u0163ii asupra mediului P\u00e2n\u0103 acum, SC [&hellip;]<\/p>\n","protected":false},"author":1,"featured_media":0,"parent":0,"menu_order":0,"comment_status":"closed","ping_status":"closed","template":"","meta":{"footnotes":""},"class_list":["post-16568","page","type-page","status-publish","hentry"],"_links":{"self":[{"href":"https:\/\/uamt.ro\/index.php?rest_route=\/wp\/v2\/pages\/16568","targetHints":{"allow":["GET"]}}],"collection":[{"href":"https:\/\/uamt.ro\/index.php?rest_route=\/wp\/v2\/pages"}],"about":[{"href":"https:\/\/uamt.ro\/index.php?rest_route=\/wp\/v2\/types\/page"}],"author":[{"embeddable":true,"href":"https:\/\/uamt.ro\/index.php?rest_route=\/wp\/v2\/users\/1"}],"replies":[{"embeddable":true,"href":"https:\/\/uamt.ro\/index.php?rest_route=%2Fwp%2Fv2%2Fcomments&post=16568"}],"version-history":[{"count":4,"href":"https:\/\/uamt.ro\/index.php?rest_route=\/wp\/v2\/pages\/16568\/revisions"}],"predecessor-version":[{"id":16572,"href":"https:\/\/uamt.ro\/index.php?rest_route=\/wp\/v2\/pages\/16568\/revisions\/16572"}],"wp:attachment":[{"href":"https:\/\/uamt.ro\/index.php?rest_route=%2Fwp%2Fv2%2Fmedia&parent=16568"}],"curies":[{"name":"wp","href":"https:\/\/api.w.org\/{rel}","templated":true}]}}